{"id":1799,"date":"2015-03-24T12:35:48","date_gmt":"2015-03-24T11:35:48","guid":{"rendered":"http:\/\/www.montmeat-asianart.com\/?page_id=1799"},"modified":"2026-02-16T18:21:53","modified_gmt":"2026-02-16T17:21:53","slug":"mentions-legales","status":"publish","type":"page","link":"https:\/\/www.montmeat-asianart.com\/fr\/mentions-legales\/","title":{"rendered":"Mentions l\u00e9gales"},"content":{"rendered":"<h2 class=\"wp-block-heading\">\u00c9diteur du site internet<\/h2>\n\n\n\n<p>RENAUD MONTMEAT ART D\u2019ASIE &#8211; ANTIQUITES<br>SARL RENAUD MONTMEAT ART D\u2019ASIE &#8211; ANTIQUITES au capital de 6.000 euros<br>SIRET :&nbsp;47886753400024<br>CODE APE :&nbsp;4779Z<\/p>\n\n\n\n<p>Si\u00e8ge social\u00a0:<\/p>\n\n\n\n<p>RENAUD MONTMEAT ART D\u2019ASIE &#8211; ANTIQUITES<br>14 AVENUE DE L OPERA 75001 PARIS<\/p>\n\n\n\n<p>Tel.\u00a0<a href=\"tel:+33617612160\">+ 33 6 17 61 21 60<\/a><br>Email :\u00a0<a href=\"mailto:montmeat.expertise@gmail.com\" target=\"_blank\" rel=\"noreferrer noopener\">montmeat.expertise@gmail.com<\/a><br>Web :\u00a0http:\/\/www.montmeat-asianart.com\/<\/p>\n\n\n\n<h2 class=\"wp-block-heading\">Cr\u00e9dits<\/h2>\n\n\n\n<p>Propuls\u00e9 par\u00a0:\u00a0Wordpress<br>\u00c9diteur\u00a0:\u00a0Renaud Montm\u00e9at<br>Conception et d\u00e9veloppement du site\u00a0: SophieWeb<br>H\u00e9bergement\u00a0: OVH<\/p>\n\n\n\n<h2 class=\"wp-block-heading\">Propri\u00e9t\u00e9 et reproduction<\/h2>\n\n\n\n<p>La structure g\u00e9n\u00e9rale, ainsi que les logiciels, textes, images anim\u00e9es ou fixes, sons, savoir-faire, dessins, graphismes et tous autres \u00e9l\u00e9ments composant ce site web sont de l&rsquo;utilisation exclusive de RENAUD MONTMEAT ART ASIE ANTIQUITES. Toute reproduction totale ou partielle de ce site, par quelques proc\u00e9d\u00e9s que ce soient, sans autorisation expresse de RENAUD MONTMEAT ART ASIE ANTIQUITES, est interdite et constituerait une contrefa\u00e7on sanctionn\u00e9e par les articles L335-2 et suivants du Code de la propri\u00e9t\u00e9 intellectuelle. Les liens hypertextes mis en place dans le cadre du pr\u00e9sent site web en direction d&rsquo;autres ressources pr\u00e9sentes sur le r\u00e9seau internet, ne sauraient engager la responsabilit\u00e9 de RENAUD MONTMEAT ART ASIE ANTIQUITES.<\/p>\n\n\n\n<h2 class=\"wp-block-heading\">Donn\u00e9es personnelles<\/h2>\n\n\n\n<p>Aucune information personnelle n&rsquo;est collect\u00e9e \u00e0 votre insu ni c\u00e9d\u00e9e \u00e0 des tiers. Ce site a \u00e9t\u00e9 d\u00e9clar\u00e9 \u00e0 la CNIL et enregistr\u00e9 sous la r\u00e9f\u00e9rence de dossier n\u00b01204894. Vous disposez d&rsquo;un droit d&rsquo;acc\u00e8s, de rectification et d&rsquo;opposition aux donn\u00e9es vous concernant que vous pouvez exercer en compl\u00e9tant le formulaire de contact en suivant ce lien ou en envoyant un courrier \u00e9lectronique \u00e0 l\u2019adresse suivante : montmeatartdasie@gmail.com&nbsp;.<\/p>\n\n\n\n<h2 class=\"wp-block-heading\">Statistiques<\/h2>\n\n\n\n<p>En vue d\u2019adapter le site aux demandes de ses visiteurs, nous mesurons le nombre de visites, le nombre de pages vues ainsi que de l&rsquo;activit\u00e9 des visiteurs sur le site et leur fr\u00e9quence de retour.<\/p>\n\n\n\n<p>Google Analytics, l&rsquo;outil de statistiques utilis\u00e9 par RENAUD MONTMEAT ART ASIE ANTIQUITES&nbsp;g\u00e9n\u00e8re un cookie avec un identifiant unique.<\/p>\n\n\n\n<h2 class=\"wp-block-heading\">Loi applicable<\/h2>\n\n\n\n<p>L&rsquo;usage de ce site web est r\u00e9gi par la loi fran\u00e7aise \u00e0 l&rsquo;exception de toute autre l\u00e9gislation.<\/p>","protected":false},"excerpt":{"rendered":"<p>\u00c9diteur du site internet RENAUD MONTMEAT ART D\u2019ASIE &#8211; ANTIQUITESSARL RENAUD MONTMEAT ART D\u2019ASIE &#8211; ANTIQUITES au capital de 6.000 eurosSIRET :&nbsp;47886753400024CODE APE :&nbsp;4779Z Si\u00e8ge social\u00a0: RENAUD MONTMEAT ART D\u2019ASIE &#8211; ANTIQUITES14 AVENUE DE L OPERA 75001 PARIS Tel.\u00a0+ 33 6 17 61 21 60Email :\u00a0montmeat.expertise@gmail.comWeb :\u00a0http:\/\/www.montmeat-asianart.com\/ Cr\u00e9dits Propuls\u00e9 par\u00a0:\u00a0Wordpress\u00c9diteur\u00a0:\u00a0Renaud Montm\u00e9atConception et d\u00e9veloppement du site\u00a0: &hellip; <\/p>\n<p class=\"link-more\"><a href=\"https:\/\/www.montmeat-asianart.com\/fr\/mentions-legales\/\" class=\"more-link\">Continuer la lecture<span class=\"screen-reader-text\"> de &laquo;&nbsp;Mentions l\u00e9gales&nbsp;&raquo;<\/span><\/a><\/p>\n","protected":false},"author":1,"featured_media":0,"parent":0,"menu_order":0,"comment_status":"closed","ping_status":"closed","template":"","meta":{"footnotes":""},"class_list":["post-1799","page","type-page","status-publish","hentry"],"yoast_head":"<!-- This site is optimized with the Yoast SEO plugin v27.0 - https:\/\/yoast.com\/product\/yoast-seo-wordpress\/ -->\n<title>Mentions l\u00e9gales - Montm\u00e9at Art d&#039;Asie<\/title>\n<meta name=\"robots\" content=\"index, follow, max-snippet:-1, max-image-preview:large, max-video-preview:-1\" \/>\n<link rel=\"canonical\" href=\"https:\/\/www.montmeat-asianart.com\/fr\/mentions-legales\/\" \/>\n<meta property=\"og:locale\" content=\"fr_FR\" \/>\n<meta property=\"og:type\" content=\"article\" \/>\n<meta property=\"og:title\" content=\"Mentions l\u00e9gales - Montm\u00e9at Art d&#039;Asie\" \/>\n<meta property=\"og:description\" content=\"\u00c9diteur du site internet RENAUD MONTMEAT ART D\u2019ASIE &#8211; ANTIQUITESSARL RENAUD MONTMEAT ART D\u2019ASIE &#8211; ANTIQUITES au capital de 6.000 eurosSIRET :&nbsp;47886753400024CODE APE :&nbsp;4779Z Si\u00e8ge social\u00a0: RENAUD MONTMEAT ART D\u2019ASIE &#8211; ANTIQUITES14 AVENUE DE L OPERA 75001 PARIS Tel.\u00a0+ 33 6 17 61 21 60Email :\u00a0montmeat.expertise@gmail.comWeb :\u00a0http:\/\/www.montmeat-asianart.com\/ Cr\u00e9dits Propuls\u00e9 par\u00a0:\u00a0Wordpress\u00c9diteur\u00a0:\u00a0Renaud Montm\u00e9atConception et d\u00e9veloppement du site\u00a0: &hellip; Continuer la lecture de &laquo;&nbsp;Mentions l\u00e9gales&nbsp;&raquo;\" \/>\n<meta property=\"og:url\" content=\"https:\/\/www.montmeat-asianart.com\/fr\/mentions-legales\/\" \/>\n<meta property=\"og:site_name\" content=\"Montm\u00e9at Art d&#039;Asie\" \/>\n<meta property=\"article:modified_time\" content=\"2026-02-16T17:21:53+00:00\" \/>\n<meta property=\"og:image\" content=\"https:\/\/www.montmeat-asianart.com\/wp-content\/uploads\/2020\/10\/Banniere-Facebook.jpg\" \/>\n\t<meta property=\"og:image:width\" content=\"1200\" \/>\n\t<meta property=\"og:image:height\" content=\"630\" \/>\n\t<meta property=\"og:image:type\" content=\"image\/jpeg\" \/>\n<meta name=\"twitter:label1\" content=\"Dur\u00e9e de lecture estim\u00e9e\" \/>\n\t<meta name=\"twitter:data1\" content=\"2 minutes\" \/>\n<script type=\"application\/ld+json\" class=\"yoast-schema-graph\">{\"@context\":\"https:\/\/schema.org\",\"@graph\":[{\"@type\":\"WebPage\",\"@id\":\"https:\/\/www.montmeat-asianart.com\/fr\/mentions-legales\/\",\"url\":\"https:\/\/www.montmeat-asianart.com\/fr\/mentions-legales\/\",\"name\":\"Mentions l\u00e9gales - Montm\u00e9at Art d&#039;Asie\",\"isPartOf\":{\"@id\":\"https:\/\/www.montmeat-asianart.com\/fr\/#website\"},\"datePublished\":\"2015-03-24T11:35:48+00:00\",\"dateModified\":\"2026-02-16T17:21:53+00:00\",\"breadcrumb\":{\"@id\":\"https:\/\/www.montmeat-asianart.com\/fr\/mentions-legales\/#breadcrumb\"},\"inLanguage\":\"fr-FR\",\"potentialAction\":[{\"@type\":\"ReadAction\",\"target\":[[\"https:\/\/www.montmeat-asianart.com\/fr\/mentions-legales\/\"]]}]},{\"@type\":\"BreadcrumbList\",\"@id\":\"https:\/\/www.montmeat-asianart.com\/fr\/mentions-legales\/#breadcrumb\",\"itemListElement\":[{\"@type\":\"ListItem\",\"position\":1,\"name\":\"Home\",\"item\":\"https:\/\/www.montmeat-asianart.com\/fr\/\"},{\"@type\":\"ListItem\",\"position\":2,\"name\":\"Legal Notice\"}]},{\"@type\":\"WebSite\",\"@id\":\"https:\/\/www.montmeat-asianart.com\/fr\/#website\",\"url\":\"https:\/\/www.montmeat-asianart.com\/fr\/\",\"name\":\"Montm\u00e9at Art d&#039;Asie\",\"description\":\"Renaud Montm\u00e9at \u2014 Cabinet d\u2019expertise en arts asiatiques\",\"potentialAction\":[{\"@type\":\"SearchAction\",\"target\":{\"@type\":\"EntryPoint\",\"urlTemplate\":\"https:\/\/www.montmeat-asianart.com\/fr\/?s={search_term_string}\"},\"query-input\":{\"@type\":\"PropertyValueSpecification\",\"valueRequired\":true,\"valueName\":\"search_term_string\"}}],\"inLanguage\":\"fr-FR\"}]}<\/script>\n<!-- \/ Yoast SEO plugin. -->","yoast_head_json":{"title":"Mentions l\u00e9gales - Montm\u00e9at Art d&#039;Asie","robots":{"index":"index","follow":"follow","max-snippet":"max-snippet:-1","max-image-preview":"max-image-preview:large","max-video-preview":"max-video-preview:-1"},"canonical":"https:\/\/www.montmeat-asianart.com\/fr\/mentions-legales\/","og_locale":"fr_FR","og_type":"article","og_title":"Mentions l\u00e9gales - Montm\u00e9at Art d&#039;Asie","og_description":"\u00c9diteur du site internet RENAUD MONTMEAT ART D\u2019ASIE &#8211; ANTIQUITESSARL RENAUD MONTMEAT ART D\u2019ASIE &#8211; ANTIQUITES au capital de 6.000 eurosSIRET :&nbsp;47886753400024CODE APE :&nbsp;4779Z Si\u00e8ge social\u00a0: RENAUD MONTMEAT ART D\u2019ASIE &#8211; ANTIQUITES14 AVENUE DE L OPERA 75001 PARIS Tel.\u00a0+ 33 6 17 61 21 60Email :\u00a0montmeat.expertise@gmail.comWeb :\u00a0http:\/\/www.montmeat-asianart.com\/ Cr\u00e9dits Propuls\u00e9 par\u00a0:\u00a0Wordpress\u00c9diteur\u00a0:\u00a0Renaud Montm\u00e9atConception et d\u00e9veloppement du site\u00a0: &hellip; Continuer la lecture de &laquo;&nbsp;Mentions l\u00e9gales&nbsp;&raquo;","og_url":"https:\/\/www.montmeat-asianart.com\/fr\/mentions-legales\/","og_site_name":"Montm\u00e9at Art d&#039;Asie","article_modified_time":"2026-02-16T17:21:53+00:00","og_image":[{"width":1200,"height":630,"url":"https:\/\/www.montmeat-asianart.com\/wp-content\/uploads\/2020\/10\/Banniere-Facebook.jpg","type":"image\/jpeg"}],"twitter_misc":{"Dur\u00e9e de lecture estim\u00e9e":"2 minutes"},"schema":{"@context":"https:\/\/schema.org","@graph":[{"@type":"WebPage","@id":"https:\/\/www.montmeat-asianart.com\/fr\/mentions-legales\/","url":"https:\/\/www.montmeat-asianart.com\/fr\/mentions-legales\/","name":"Mentions l\u00e9gales - Montm\u00e9at Art d&#039;Asie","isPartOf":{"@id":"https:\/\/www.montmeat-asianart.com\/fr\/#website"},"datePublished":"2015-03-24T11:35:48+00:00","dateModified":"2026-02-16T17:21:53+00:00","breadcrumb":{"@id":"https:\/\/www.montmeat-asianart.com\/fr\/mentions-legales\/#breadcrumb"},"inLanguage":"fr-FR","potentialAction":[{"@type":"ReadAction","target":[["https:\/\/www.montmeat-asianart.com\/fr\/mentions-legales\/"]]}]},{"@type":"BreadcrumbList","@id":"https:\/\/www.montmeat-asianart.com\/fr\/mentions-legales\/#breadcrumb","itemListElement":[{"@type":"ListItem","position":1,"name":"Home","item":"https:\/\/www.montmeat-asianart.com\/fr\/"},{"@type":"ListItem","position":2,"name":"Legal Notice"}]},{"@type":"WebSite","@id":"https:\/\/www.montmeat-asianart.com\/fr\/#website","url":"https:\/\/www.montmeat-asianart.com\/fr\/","name":"Montm\u00e9at Art d&#039;Asie","description":"Renaud Montm\u00e9at \u2014 Cabinet d\u2019expertise en arts asiatiques","potentialAction":[{"@type":"SearchAction","target":{"@type":"EntryPoint","urlTemplate":"https:\/\/www.montmeat-asianart.com\/fr\/?s={search_term_string}"},"query-input":{"@type":"PropertyValueSpecification","valueRequired":true,"valueName":"search_term_string"}}],"inLanguage":"fr-FR"}]}},"_links":{"self":[{"href":"https:\/\/www.montmeat-asianart.com\/fr\/wp-json\/wp\/v2\/pages\/1799","targetHints":{"allow":["GET"]}}],"collection":[{"href":"https:\/\/www.montmeat-asianart.com\/fr\/wp-json\/wp\/v2\/pages"}],"about":[{"href":"https:\/\/www.montmeat-asianart.com\/fr\/wp-json\/wp\/v2\/types\/page"}],"author":[{"embeddable":true,"href":"https:\/\/www.montmeat-asianart.com\/fr\/wp-json\/wp\/v2\/users\/1"}],"replies":[{"embeddable":true,"href":"https:\/\/www.montmeat-asianart.com\/fr\/wp-json\/wp\/v2\/comments?post=1799"}],"version-history":[{"count":11,"href":"https:\/\/www.montmeat-asianart.com\/fr\/wp-json\/wp\/v2\/pages\/1799\/revisions"}],"predecessor-version":[{"id":2787,"href":"https:\/\/www.montmeat-asianart.com\/fr\/wp-json\/wp\/v2\/pages\/1799\/revisions\/2787"}],"wp:attachment":[{"href":"https:\/\/www.montmeat-asianart.com\/fr\/wp-json\/wp\/v2\/media?parent=1799"}],"curies":[{"name":"wp","href":"https:\/\/api.w.org\/{rel}","templated":true}]}}