{"id":2003,"date":"2016-02-19T09:16:50","date_gmt":"2016-02-19T08:16:50","guid":{"rendered":"http:\/\/www.montmeat-asianart.com\/?page_id=2003"},"modified":"2026-02-16T18:13:55","modified_gmt":"2026-02-16T17:13:55","slug":"expertise-estimation-vente-art-asiatique","status":"publish","type":"page","link":"https:\/\/www.montmeat-asianart.com\/fr\/expertise-estimation-vente-art-asiatique\/","title":{"rendered":"Expertise Estimation Vente"},"content":{"rendered":"<p>Apr\u00e8s&nbsp;plus de&nbsp;25 ans d\u2019exp\u00e9rience sur le march\u00e9 international, je vous propose un accompagnement confidentiel et personnalis\u00e9 pour l\u2019acquisition, la cession et la valorisation&nbsp;de vos objets d\u2019art&nbsp;asiatiques.<\/p>\n\n\n\n<p>Je vous conseille pour :<\/p>\n\n\n\n<ul class=\"wp-block-list\">\n<li>Ventes aux ench\u00e8res publiques<\/li>\n\n\n\n<li>Inventaires de succession<\/li>\n\n\n\n<li>Ventes priv\u00e9es\u00a0<\/li>\n\n\n\n<li>\u00c9valuations pour assurances<\/li>\n<\/ul>\n\n\n\n<p>L\u2019expertise peut se r\u00e9aliser\u00a0en ligne ou sur rendez-vous, selon votre convenance. Pour un premier contact, vous pouvez envoyer vos\u00a0photos et descriptions d\u2019objets \u00e0\u00a0:\u00a0<a href=\"mailto:montmeat.expertise@gmail.com\">montmeat.expertise@gmail.com<\/a><br>ou au <a href=\"tel:+33617612160\">06 17 61 21 60<\/a><\/p>","protected":false},"excerpt":{"rendered":"<p>Apr\u00e8s&nbsp;plus de&nbsp;25 ans d\u2019exp\u00e9rience sur le march\u00e9 international, je vous propose un accompagnement confidentiel et personnalis\u00e9 pour l\u2019acquisition, la cession et la valorisation&nbsp;de vos objets d\u2019art&nbsp;asiatiques. Je vous conseille pour : L\u2019expertise peut se r\u00e9aliser\u00a0en ligne ou sur rendez-vous, selon votre convenance. Pour un premier contact, vous pouvez envoyer vos\u00a0photos et descriptions d\u2019objets \u00e0\u00a0:\u00a0montmeat.expertise@gmail.comou au &hellip; <\/p>\n<p class=\"link-more\"><a href=\"https:\/\/www.montmeat-asianart.com\/fr\/expertise-estimation-vente-art-asiatique\/\" class=\"more-link\">Continuer la lecture<span class=\"screen-reader-text\"> de &laquo;&nbsp;Expertise Estimation Vente&nbsp;&raquo;<\/span><\/a><\/p>\n","protected":false},"author":1,"featured_media":2749,"parent":0,"menu_order":0,"comment_status":"closed","ping_status":"closed","template":"","meta":{"footnotes":""},"class_list":["post-2003","page","type-page","status-publish","has-post-thumbnail","hentry"],"yoast_head":"<!-- This site is optimized with the Yoast SEO plugin v27.0 - https:\/\/yoast.com\/product\/yoast-seo-wordpress\/ -->\n<title>Estimation, expertise art asiatique<\/title>\n<meta name=\"robots\" content=\"index, follow, max-snippet:-1, max-image-preview:large, max-video-preview:-1\" \/>\n<link rel=\"canonical\" href=\"https:\/\/www.montmeat-asianart.com\/fr\/expertise-estimation-vente-art-asiatique\/\" \/>\n<meta property=\"og:locale\" content=\"fr_FR\" \/>\n<meta property=\"og:type\" content=\"article\" \/>\n<meta property=\"og:title\" content=\"Estimation, expertise art asiatique\" \/>\n<meta property=\"og:description\" content=\"Apr\u00e8s&nbsp;plus de&nbsp;25 ans d\u2019exp\u00e9rience sur le march\u00e9 international, je vous propose un accompagnement confidentiel et personnalis\u00e9 pour l\u2019acquisition, la cession et la valorisation&nbsp;de vos objets d\u2019art&nbsp;asiatiques. Je vous conseille pour : L\u2019expertise peut se r\u00e9aliser\u00a0en ligne ou sur rendez-vous, selon votre convenance. Pour un premier contact, vous pouvez envoyer vos\u00a0photos et descriptions d\u2019objets \u00e0\u00a0:\u00a0montmeat.expertise@gmail.comou au &hellip; Continuer la lecture de &laquo;&nbsp;Expertise Estimation Vente&nbsp;&raquo;\" \/>\n<meta property=\"og:url\" content=\"https:\/\/www.montmeat-asianart.com\/fr\/expertise-estimation-vente-art-asiatique\/\" \/>\n<meta property=\"og:site_name\" content=\"Montm\u00e9at Art d&#039;Asie\" \/>\n<meta property=\"article:modified_time\" content=\"2026-02-16T17:13:55+00:00\" \/>\n<meta property=\"og:image\" content=\"https:\/\/www.montmeat-asianart.com\/wp-content\/uploads\/2026\/02\/banniere4.jpg\" \/>\n\t<meta property=\"og:image:width\" content=\"1600\" \/>\n\t<meta property=\"og:image:height\" content=\"413\" \/>\n\t<meta property=\"og:image:type\" content=\"image\/jpeg\" \/>\n<meta name=\"twitter:label1\" content=\"Dur\u00e9e de lecture estim\u00e9e\" \/>\n\t<meta name=\"twitter:data1\" content=\"1 minute\" \/>\n<script type=\"application\/ld+json\" class=\"yoast-schema-graph\">{\"@context\":\"https:\/\/schema.org\",\"@graph\":[{\"@type\":\"WebPage\",\"@id\":\"https:\/\/www.montmeat-asianart.com\/fr\/expertise-estimation-vente-art-asiatique\/\",\"url\":\"https:\/\/www.montmeat-asianart.com\/fr\/expertise-estimation-vente-art-asiatique\/\",\"name\":\"Estimation, expertise art asiatique\",\"isPartOf\":{\"@id\":\"https:\/\/www.montmeat-asianart.com\/fr\/#website\"},\"primaryImageOfPage\":{\"@id\":\"https:\/\/www.montmeat-asianart.com\/fr\/expertise-estimation-vente-art-asiatique\/#primaryimage\"},\"image\":{\"@id\":\"https:\/\/www.montmeat-asianart.com\/expertise-estimation-vente-art-asiatique\/#primaryimage\"},\"thumbnailUrl\":\"https:\/\/www.montmeat-asianart.com\/wp-content\/uploads\/2026\/02\/banniere4.jpg\",\"datePublished\":\"2016-02-19T08:16:50+00:00\",\"dateModified\":\"2026-02-16T17:13:55+00:00\",\"breadcrumb\":{\"@id\":\"https:\/\/www.montmeat-asianart.com\/fr\/expertise-estimation-vente-art-asiatique\/#breadcrumb\"},\"inLanguage\":\"fr-FR\",\"potentialAction\":[{\"@type\":\"ReadAction\",\"target\":[[\"https:\/\/www.montmeat-asianart.com\/fr\/expertise-estimation-vente-art-asiatique\/\"]]}]},{\"@type\":\"ImageObject\",\"inLanguage\":\"fr-FR\",\"@id\":\"https:\/\/www.montmeat-asianart.com\/fr\/expertise-estimation-vente-art-asiatique\/#primaryimage\",\"url\":\"https:\/\/www.montmeat-asianart.com\/wp-content\/uploads\/2026\/02\/banniere4.jpg\",\"contentUrl\":\"https:\/\/www.montmeat-asianart.com\/wp-content\/uploads\/2026\/02\/banniere4.jpg\",\"width\":1600,\"height\":413,\"caption\":\"Banni\u00e8re d\u2019\u0153uvres d\u2019art asiatique - Page Expertise Estimation Vente Conseil\"},{\"@type\":\"BreadcrumbList\",\"@id\":\"https:\/\/www.montmeat-asianart.com\/fr\/expertise-estimation-vente-art-asiatique\/#breadcrumb\",\"itemListElement\":[{\"@type\":\"ListItem\",\"position\":1,\"name\":\"Home\",\"item\":\"https:\/\/www.montmeat-asianart.com\/fr\/\"},{\"@type\":\"ListItem\",\"position\":2,\"name\":\"Expertise Estimation Vente\"}]},{\"@type\":\"WebSite\",\"@id\":\"https:\/\/www.montmeat-asianart.com\/fr\/#website\",\"url\":\"https:\/\/www.montmeat-asianart.com\/fr\/\",\"name\":\"Montm\u00e9at Art d&#039;Asie\",\"description\":\"Renaud Montm\u00e9at \u2014 Cabinet d\u2019expertise en arts asiatiques\",\"potentialAction\":[{\"@type\":\"SearchAction\",\"target\":{\"@type\":\"EntryPoint\",\"urlTemplate\":\"https:\/\/www.montmeat-asianart.com\/fr\/?s={search_term_string}\"},\"query-input\":{\"@type\":\"PropertyValueSpecification\",\"valueRequired\":true,\"valueName\":\"search_term_string\"}}],\"inLanguage\":\"fr-FR\"}]}<\/script>\n<!-- \/ Yoast SEO plugin. -->","yoast_head_json":{"title":"Estimation, expertise art asiatique","robots":{"index":"index","follow":"follow","max-snippet":"max-snippet:-1","max-image-preview":"max-image-preview:large","max-video-preview":"max-video-preview:-1"},"canonical":"https:\/\/www.montmeat-asianart.com\/fr\/expertise-estimation-vente-art-asiatique\/","og_locale":"fr_FR","og_type":"article","og_title":"Estimation, expertise art asiatique","og_description":"Apr\u00e8s&nbsp;plus de&nbsp;25 ans d\u2019exp\u00e9rience sur le march\u00e9 international, je vous propose un accompagnement confidentiel et personnalis\u00e9 pour l\u2019acquisition, la cession et la valorisation&nbsp;de vos objets d\u2019art&nbsp;asiatiques. Je vous conseille pour : L\u2019expertise peut se r\u00e9aliser\u00a0en ligne ou sur rendez-vous, selon votre convenance. Pour un premier contact, vous pouvez envoyer vos\u00a0photos et descriptions d\u2019objets \u00e0\u00a0:\u00a0montmeat.expertise@gmail.comou au &hellip; Continuer la lecture de &laquo;&nbsp;Expertise Estimation Vente&nbsp;&raquo;","og_url":"https:\/\/www.montmeat-asianart.com\/fr\/expertise-estimation-vente-art-asiatique\/","og_site_name":"Montm\u00e9at Art d&#039;Asie","article_modified_time":"2026-02-16T17:13:55+00:00","og_image":[{"width":1600,"height":413,"url":"https:\/\/www.montmeat-asianart.com\/wp-content\/uploads\/2026\/02\/banniere4.jpg","type":"image\/jpeg"}],"twitter_misc":{"Dur\u00e9e de lecture estim\u00e9e":"1 minute"},"schema":{"@context":"https:\/\/schema.org","@graph":[{"@type":"WebPage","@id":"https:\/\/www.montmeat-asianart.com\/fr\/expertise-estimation-vente-art-asiatique\/","url":"https:\/\/www.montmeat-asianart.com\/fr\/expertise-estimation-vente-art-asiatique\/","name":"Estimation, expertise art asiatique","isPartOf":{"@id":"https:\/\/www.montmeat-asianart.com\/fr\/#website"},"primaryImageOfPage":{"@id":"https:\/\/www.montmeat-asianart.com\/fr\/expertise-estimation-vente-art-asiatique\/#primaryimage"},"image":{"@id":"https:\/\/www.montmeat-asianart.com\/expertise-estimation-vente-art-asiatique\/#primaryimage"},"thumbnailUrl":"https:\/\/www.montmeat-asianart.com\/wp-content\/uploads\/2026\/02\/banniere4.jpg","datePublished":"2016-02-19T08:16:50+00:00","dateModified":"2026-02-16T17:13:55+00:00","breadcrumb":{"@id":"https:\/\/www.montmeat-asianart.com\/fr\/expertise-estimation-vente-art-asiatique\/#breadcrumb"},"inLanguage":"fr-FR","potentialAction":[{"@type":"ReadAction","target":[["https:\/\/www.montmeat-asianart.com\/fr\/expertise-estimation-vente-art-asiatique\/"]]}]},{"@type":"ImageObject","inLanguage":"fr-FR","@id":"https:\/\/www.montmeat-asianart.com\/fr\/expertise-estimation-vente-art-asiatique\/#primaryimage","url":"https:\/\/www.montmeat-asianart.com\/wp-content\/uploads\/2026\/02\/banniere4.jpg","contentUrl":"https:\/\/www.montmeat-asianart.com\/wp-content\/uploads\/2026\/02\/banniere4.jpg","width":1600,"height":413,"caption":"Banni\u00e8re d\u2019\u0153uvres d\u2019art asiatique - Page Expertise Estimation Vente Conseil"},{"@type":"BreadcrumbList","@id":"https:\/\/www.montmeat-asianart.com\/fr\/expertise-estimation-vente-art-asiatique\/#breadcrumb","itemListElement":[{"@type":"ListItem","position":1,"name":"Home","item":"https:\/\/www.montmeat-asianart.com\/fr\/"},{"@type":"ListItem","position":2,"name":"Expertise Estimation Vente"}]},{"@type":"WebSite","@id":"https:\/\/www.montmeat-asianart.com\/fr\/#website","url":"https:\/\/www.montmeat-asianart.com\/fr\/","name":"Montm\u00e9at Art d&#039;Asie","description":"Renaud Montm\u00e9at \u2014 Cabinet d\u2019expertise en arts asiatiques","potentialAction":[{"@type":"SearchAction","target":{"@type":"EntryPoint","urlTemplate":"https:\/\/www.montmeat-asianart.com\/fr\/?s={search_term_string}"},"query-input":{"@type":"PropertyValueSpecification","valueRequired":true,"valueName":"search_term_string"}}],"inLanguage":"fr-FR"}]}},"_links":{"self":[{"href":"https:\/\/www.montmeat-asianart.com\/fr\/wp-json\/wp\/v2\/pages\/2003","targetHints":{"allow":["GET"]}}],"collection":[{"href":"https:\/\/www.montmeat-asianart.com\/fr\/wp-json\/wp\/v2\/pages"}],"about":[{"href":"https:\/\/www.montmeat-asianart.com\/fr\/wp-json\/wp\/v2\/types\/page"}],"author":[{"embeddable":true,"href":"https:\/\/www.montmeat-asianart.com\/fr\/wp-json\/wp\/v2\/users\/1"}],"replies":[{"embeddable":true,"href":"https:\/\/www.montmeat-asianart.com\/fr\/wp-json\/wp\/v2\/comments?post=2003"}],"version-history":[{"count":35,"href":"https:\/\/www.montmeat-asianart.com\/fr\/wp-json\/wp\/v2\/pages\/2003\/revisions"}],"predecessor-version":[{"id":2781,"href":"https:\/\/www.montmeat-asianart.com\/fr\/wp-json\/wp\/v2\/pages\/2003\/revisions\/2781"}],"wp:featuredmedia":[{"embeddable":true,"href":"https:\/\/www.montmeat-asianart.com\/fr\/wp-json\/wp\/v2\/media\/2749"}],"wp:attachment":[{"href":"https:\/\/www.montmeat-asianart.com\/fr\/wp-json\/wp\/v2\/media?parent=2003"}],"curies":[{"name":"wp","href":"https:\/\/api.w.org\/{rel}","templated":true}]}}