{"id":2081,"date":"2016-03-02T16:48:04","date_gmt":"2016-03-02T15:48:04","guid":{"rendered":"http:\/\/www.montmeat-asianart.com\/?page_id=2081"},"modified":"2022-11-21T16:47:51","modified_gmt":"2022-11-21T15:47:51","slug":"actualite-montmeat-art-d-asie","status":"publish","type":"page","link":"https:\/\/www.montmeat-asianart.com\/fr\/actualite-montmeat-art-d-asie\/","title":{"rendered":"Actualit\u00e9"},"content":{"rendered":"<div class=\"wp-block-columns has-2-columns is-layout-flex wp-container-core-columns-is-layout-9d6595d7 wp-block-columns-is-layout-flex\">\n<div class=\"wp-block-column is-layout-flow wp-block-column-is-layout-flow\">\n<h2 class=\"wp-block-heading\">Collection d\u2019art asiatique de Liliane et Michel Durand-Dessert et \u00e0 divers amateurs<\/h2>\n\n\n\n<p>9 D\u00e9cembre 2022<\/p>\n<\/div>\n\n\n\n<div class=\"wp-block-column is-layout-flow wp-block-column-is-layout-flow\"><div class=\"wp-block-image\">\n<figure class=\"alignright size-thumbnail\"><a href=\"https:\/\/www.montmeat-asianart.com\/wp-content\/uploads\/2022\/11\/DSF5673-copie.jpg\"><img loading=\"lazy\" decoding=\"async\" width=\"150\" height=\"150\" src=\"https:\/\/www.montmeat-asianart.com\/wp-content\/uploads\/2022\/11\/DSF5673-copie-150x150.jpg\" alt=\"Collection d\u2019art asiatique de Liliane et Michel Durand-Dessert et \u00e0 divers amateurs\" class=\"wp-image-2698\" srcset=\"https:\/\/www.montmeat-asianart.com\/wp-content\/uploads\/2022\/11\/DSF5673-copie-150x150.jpg 150w, https:\/\/www.montmeat-asianart.com\/wp-content\/uploads\/2022\/11\/DSF5673-copie-100x100.jpg 100w\" sizes=\"auto, (max-width: 150px) 100vw, 150px\" \/><\/a><\/figure>\n<\/div><\/div>\n<\/div>\n\n\n\n<div class=\"wp-block-columns has-2-columns is-layout-flex wp-container-core-columns-is-layout-9d6595d7 wp-block-columns-is-layout-flex\">\n<div class=\"wp-block-column is-layout-flow wp-block-column-is-layout-flow\">\n<h2 class=\"wp-block-heading\">Encres<\/h2>\n\n\n\n<p>19-23 Octobre 2022<\/p>\n<\/div>\n\n\n\n<div class=\"wp-block-column is-layout-flow wp-block-column-is-layout-flow\"><div class=\"wp-block-image\">\n<figure class=\"alignright size-thumbnail\"><a href=\"https:\/\/www.montmeat-asianart.com\/wp-content\/uploads\/2022\/11\/Catalogue-Encres-oct-22.jpg\"><img loading=\"lazy\" decoding=\"async\" width=\"150\" height=\"150\" src=\"https:\/\/www.montmeat-asianart.com\/wp-content\/uploads\/2022\/11\/Catalogue-Encres-oct-22-150x150.jpg\" alt=\"Couverture Catalogue Encres Octobre 2022\" class=\"wp-image-2701\" srcset=\"https:\/\/www.montmeat-asianart.com\/wp-content\/uploads\/2022\/11\/Catalogue-Encres-oct-22-150x150.jpg 150w, https:\/\/www.montmeat-asianart.com\/wp-content\/uploads\/2022\/11\/Catalogue-Encres-oct-22-100x100.jpg 100w\" sizes=\"auto, (max-width: 150px) 100vw, 150px\" \/><\/a><\/figure>\n<\/div><\/div>\n<\/div>\n\n\n\n<div class=\"wp-block-columns has-2-columns is-layout-flex wp-container-core-columns-is-layout-9d6595d7 wp-block-columns-is-layout-flex\">\n<div class=\"wp-block-column is-layout-flow wp-block-column-is-layout-flow\">\n<h2 class=\"wp-block-heading\"><em>Travers\u00e9es<\/em> Art d&rsquo;Asie ancien et moderne<\/h2>\n\n\n\n<p>23 Octobre 2020<\/p>\n<\/div>\n\n\n\n<div class=\"wp-block-column is-layout-flow wp-block-column-is-layout-flow\"><div class=\"wp-block-image\">\n<figure class=\"alignright size-thumbnail\"><img loading=\"lazy\" decoding=\"async\" width=\"150\" height=\"150\" src=\"https:\/\/www.montmeat-asianart.com\/wp-content\/uploads\/2020\/10\/Couverture-Traversees-Arts-dAsie-ancien-et-moderne-150x150.jpg\" alt=\"Couverture - Travers\u00e9es - Arts d\u2019Asie ancien et moderne\" class=\"wp-image-2569\" srcset=\"https:\/\/www.montmeat-asianart.com\/wp-content\/uploads\/2020\/10\/Couverture-Traversees-Arts-dAsie-ancien-et-moderne-150x150.jpg 150w, https:\/\/www.montmeat-asianart.com\/wp-content\/uploads\/2020\/10\/Couverture-Traversees-Arts-dAsie-ancien-et-moderne-100x100.jpg 100w\" sizes=\"auto, (max-width: 150px) 100vw, 150px\" \/><\/figure>\n<\/div><\/div>\n<\/div>\n\n\n\n<div class=\"wp-block-columns has-2-columns is-layout-flex wp-container-core-columns-is-layout-9d6595d7 wp-block-columns-is-layout-flex\">\n<div class=\"wp-block-column is-layout-flow wp-block-column-is-layout-flow\">\n<h2 class=\"wp-block-heading\">Printemps Asiatique Paris<\/h2>\n\n\n\n<p>6 au 17 juin 2019<\/p>\n<\/div>\n\n\n\n<div class=\"wp-block-column is-layout-flow wp-block-column-is-layout-flow\"><div class=\"wp-block-image\">\n<figure class=\"alignright size-thumbnail\"><img loading=\"lazy\" decoding=\"async\" width=\"150\" height=\"150\" src=\"https:\/\/www.montmeat-asianart.com\/wp-content\/uploads\/2020\/12\/Jarre-Chine-150x150.jpg\" alt=\"\" class=\"wp-image-2645\" srcset=\"https:\/\/www.montmeat-asianart.com\/wp-content\/uploads\/2020\/12\/Jarre-Chine-150x150.jpg 150w, https:\/\/www.montmeat-asianart.com\/wp-content\/uploads\/2020\/12\/Jarre-Chine-100x100.jpg 100w\" sizes=\"auto, (max-width: 150px) 100vw, 150px\" \/><\/figure>\n<\/div><\/div>\n<\/div>\n\n\n\n<div class=\"wp-block-columns has-2-columns is-layout-flex wp-container-core-columns-is-layout-9d6595d7 wp-block-columns-is-layout-flex\">\n<div class=\"wp-block-column is-layout-flow wp-block-column-is-layout-flow\">\n<h2 class=\"wp-block-heading\">Parcours des Mondes<\/h2>\n\n\n\n<p>11 au 16 septembre 2018<\/p>\n<\/div>\n\n\n\n<div class=\"wp-block-column is-layout-flow wp-block-column-is-layout-flow\"><div class=\"wp-block-image\">\n<figure class=\"alignright size-thumbnail\"><img loading=\"lazy\" decoding=\"async\" width=\"150\" height=\"150\" src=\"https:\/\/www.montmeat-asianart.com\/wp-content\/uploads\/2020\/12\/Guanyin-150x150.jpg\" alt=\"\" class=\"wp-image-2647\" srcset=\"https:\/\/www.montmeat-asianart.com\/wp-content\/uploads\/2020\/12\/Guanyin-150x150.jpg 150w, https:\/\/www.montmeat-asianart.com\/wp-content\/uploads\/2020\/12\/Guanyin-100x100.jpg 100w\" sizes=\"auto, (max-width: 150px) 100vw, 150px\" \/><\/figure>\n<\/div><\/div>\n<\/div>\n\n\n\n<div class=\"wp-block-columns has-2-columns is-layout-flex wp-container-core-columns-is-layout-9d6595d7 wp-block-columns-is-layout-flex\">\n<div class=\"wp-block-column is-layout-flow wp-block-column-is-layout-flow\">\n<h2 class=\"wp-block-heading\">BRAFA Art Fair<\/h2>\n\n\n\n<p>27 Janvier-4 F\u00e9vrier  2018 <\/p>\n<\/div>\n\n\n\n<div class=\"wp-block-column is-layout-flow wp-block-column-is-layout-flow\"><div class=\"wp-block-image\">\n<figure class=\"alignright\"><img loading=\"lazy\" decoding=\"async\" width=\"150\" height=\"150\" src=\"http:\/\/www.montmeat-asianart.com\/wp-content\/uploads\/2014\/03\/BRAFA-150x150.jpg\" alt=\"\" class=\"wp-image-2376\" srcset=\"https:\/\/www.montmeat-asianart.com\/wp-content\/uploads\/2014\/03\/BRAFA-150x150.jpg 150w, https:\/\/www.montmeat-asianart.com\/wp-content\/uploads\/2014\/03\/BRAFA.jpg 300w\" sizes=\"auto, (max-width: 150px) 100vw, 150px\" \/><\/figure>\n<\/div><\/div>\n<\/div>\n\n\n\n<div class=\"wp-block-columns has-2-columns is-layout-flex wp-container-core-columns-is-layout-9d6595d7 wp-block-columns-is-layout-flex\">\n<div class=\"wp-block-column is-layout-flow wp-block-column-is-layout-flow\">\n<h2 class=\"wp-block-heading\">TEFAF Maastricht 2017<\/h2>\n\n\n\n<p>10-19 Mars <br>SHOWCASE BOOTH S2 <\/p>\n<\/div>\n\n\n\n<div class=\"wp-block-column is-layout-flow wp-block-column-is-layout-flow\"><div class=\"wp-block-image\">\n<figure class=\"alignright\"><img loading=\"lazy\" decoding=\"async\" width=\"150\" height=\"150\" src=\"http:\/\/www.montmeat-asianart.com\/wp-content\/uploads\/2016\/03\/Song-Buddha-H50-150x150.jpg\" alt=\"\" class=\"wp-image-2312\"\/><\/figure>\n<\/div><\/div>\n<\/div>\n\n\n\n<div class=\"wp-block-columns has-2-columns is-layout-flex wp-container-core-columns-is-layout-9d6595d7 wp-block-columns-is-layout-flex\">\n<div class=\"wp-block-column is-layout-flow wp-block-column-is-layout-flow\">\n<h2 class=\"wp-block-heading\">Parcours des Mondes 2016<\/h2>\n\n\n\n<p>6-11 Septembre&nbsp; <br>49, rue de Seine <br>75006 Paris <\/p>\n<\/div>\n\n\n\n<div class=\"wp-block-column is-layout-flow wp-block-column-is-layout-flow\"><div class=\"wp-block-image\">\n<figure class=\"alignright\"><img loading=\"lazy\" decoding=\"async\" width=\"150\" height=\"150\" src=\"http:\/\/www.montmeat-asianart.com\/wp-content\/uploads\/2016\/03\/Pdm16_logo-mixte-asie-FR-150x150.jpg\" alt=\"\" class=\"wp-image-2210\"\/><\/figure>\n<\/div><\/div>\n<\/div>\n\n\n\n<div class=\"wp-block-columns has-2-columns is-layout-flex wp-container-core-columns-is-layout-9d6595d7 wp-block-columns-is-layout-flex\">\n<div class=\"wp-block-column is-layout-flow wp-block-column-is-layout-flow\">\n<h2 class=\"wp-block-heading\">Asia Week New York 2016<\/h2>\n\n\n\n<p>10-19 Mars <br>Exposant chez&nbsp;Dickinson&nbsp;Roundell Inc. <br>19 East 66th Street <br>New York 10065<\/p>\n<\/div>\n\n\n\n<div class=\"wp-block-column is-layout-flow wp-block-column-is-layout-flow\"><div class=\"wp-block-image\">\n<figure class=\"alignright\"><img loading=\"lazy\" decoding=\"async\" width=\"150\" height=\"150\" src=\"http:\/\/www.montmeat-asianart.com\/wp-content\/uploads\/2016\/03\/awny-logo-rgb-for-the-web-150x150.jpg\" alt=\"\" class=\"wp-image-2212\"\/><\/figure>\n<\/div><\/div>\n<\/div>\n\n\n\n<div class=\"wp-block-columns has-2-columns is-layout-flex wp-container-core-columns-is-layout-9d6595d7 wp-block-columns-is-layout-flex\">\n<div class=\"wp-block-column is-layout-flow wp-block-column-is-layout-flow\">\n<h2 class=\"wp-block-heading\">Parcours des Mondes 2015<\/h2>\n\n\n\n<p>8-13 Septembre<br>49, rue de Seine <br>75006 Paris <\/p>\n<\/div>\n\n\n\n<div class=\"wp-block-column is-layout-flow wp-block-column-is-layout-flow\"><div class=\"wp-block-image\">\n<figure class=\"alignright\"><img loading=\"lazy\" decoding=\"async\" width=\"150\" height=\"150\" src=\"http:\/\/www.montmeat-asianart.com\/wp-content\/uploads\/2016\/03\/Pdm15_logo-haut-asie-150x150.jpg\" alt=\"\" class=\"wp-image-2214\"\/><\/figure>\n<\/div><\/div>\n<\/div>\n\n\n\n<div class=\"wp-block-columns has-2-columns is-layout-flex wp-container-core-columns-is-layout-9d6595d7 wp-block-columns-is-layout-flex\">\n<div class=\"wp-block-column is-layout-flow wp-block-column-is-layout-flow\">\n<h2 class=\"wp-block-heading\">Parcours des Mondes 2014<\/h2>\n\n\n\n<p>9-14 Septembre<br>49, rue de Seine<br>75006 Paris <\/p>\n<\/div>\n\n\n\n<div class=\"wp-block-column is-layout-flow wp-block-column-is-layout-flow\"><div class=\"wp-block-image\">\n<figure class=\"alignright\"><img loading=\"lazy\" decoding=\"async\" width=\"150\" height=\"150\" src=\"http:\/\/www.montmeat-asianart.com\/wp-content\/uploads\/2016\/03\/PDM-14-150x150.png\" alt=\"\" class=\"wp-image-2213\"\/><\/figure>\n<\/div><\/div>\n<\/div>\n\n\n\n<div class=\"wp-block-columns has-2-columns is-layout-flex wp-container-core-columns-is-layout-9d6595d7 wp-block-columns-is-layout-flex\">\n<div class=\"wp-block-column is-layout-flow wp-block-column-is-layout-flow\">\n<h2 class=\"wp-block-heading\">Asian Art in Brussels 2014<\/h2>\n\n\n\n<p>4-8 Juin<br>59, rue des Minimes<br>Bruxelles<\/p>\n<\/div>\n\n\n\n<div class=\"wp-block-column is-layout-flow wp-block-column-is-layout-flow\"><div class=\"wp-block-image\">\n<figure class=\"alignright\"><img loading=\"lazy\" decoding=\"async\" width=\"150\" height=\"150\" src=\"http:\/\/www.montmeat-asianart.com\/wp-content\/uploads\/2016\/03\/Asian-art-brussels-2014-150x150.jpg\" alt=\"\" class=\"wp-image-2211\"\/><\/figure>\n<\/div><\/div>\n<\/div>","protected":false},"excerpt":{"rendered":"<p>Collection d\u2019art asiatique de Liliane et Michel Durand-Dessert et \u00e0 divers amateurs 9 D\u00e9cembre 2022 Encres 19-23 Octobre 2022 Travers\u00e9es Art d&rsquo;Asie ancien et moderne 23 Octobre 2020 Printemps Asiatique Paris 6 au 17 juin 2019 Parcours des Mondes 11 au 16 septembre 2018 BRAFA Art Fair 27 Janvier-4 F\u00e9vrier 2018 TEFAF Maastricht 2017 10-19 &hellip; <\/p>\n<p class=\"link-more\"><a href=\"https:\/\/www.montmeat-asianart.com\/fr\/actualite-montmeat-art-d-asie\/\" class=\"more-link\">Continuer la lecture<span class=\"screen-reader-text\"> de &laquo;&nbsp;Actualit\u00e9&nbsp;&raquo;<\/span><\/a><\/p>\n","protected":false},"author":1,"featured_media":0,"parent":0,"menu_order":0,"comment_status":"closed","ping_status":"closed","template":"","meta":{"footnotes":""},"class_list":["post-2081","page","type-page","status-publish","hentry"],"yoast_head":"<!-- This site is optimized with the Yoast SEO plugin v27.0 - https:\/\/yoast.com\/product\/yoast-seo-wordpress\/ -->\n<title>Actualit\u00e9 - Montm\u00e9at Art d&#039;Asie<\/title>\n<meta name=\"robots\" content=\"index, follow, max-snippet:-1, max-image-preview:large, max-video-preview:-1\" \/>\n<link rel=\"canonical\" href=\"https:\/\/www.montmeat-asianart.com\/fr\/actualite-montmeat-art-d-asie\/\" \/>\n<meta property=\"og:locale\" content=\"fr_FR\" \/>\n<meta property=\"og:type\" content=\"article\" \/>\n<meta property=\"og:title\" content=\"Actualit\u00e9 - Montm\u00e9at Art d&#039;Asie\" \/>\n<meta property=\"og:description\" content=\"Collection d\u2019art asiatique de Liliane et Michel Durand-Dessert et \u00e0 divers amateurs 9 D\u00e9cembre 2022 Encres 19-23 Octobre 2022 Travers\u00e9es Art d&rsquo;Asie ancien et moderne 23 Octobre 2020 Printemps Asiatique Paris 6 au 17 juin 2019 Parcours des Mondes 11 au 16 septembre 2018 BRAFA Art Fair 27 Janvier-4 F\u00e9vrier 2018 TEFAF Maastricht 2017 10-19 &hellip; Continuer la lecture de &laquo;&nbsp;Actualit\u00e9&nbsp;&raquo;\" \/>\n<meta property=\"og:url\" content=\"https:\/\/www.montmeat-asianart.com\/fr\/actualite-montmeat-art-d-asie\/\" \/>\n<meta property=\"og:site_name\" content=\"Montm\u00e9at Art d&#039;Asie\" \/>\n<meta property=\"article:modified_time\" content=\"2022-11-21T15:47:51+00:00\" \/>\n<meta property=\"og:image\" content=\"https:\/\/www.montmeat-asianart.com\/wp-content\/uploads\/2022\/11\/DSF5673-copie-150x150.jpg\" \/>\n<meta name=\"twitter:label1\" content=\"Dur\u00e9e de lecture estim\u00e9e\" \/>\n\t<meta name=\"twitter:data1\" content=\"4 minutes\" \/>\n<script type=\"application\/ld+json\" class=\"yoast-schema-graph\">{\"@context\":\"https:\/\/schema.org\",\"@graph\":[{\"@type\":\"WebPage\",\"@id\":\"https:\/\/www.montmeat-asianart.com\/fr\/actualite-montmeat-art-d-asie\/\",\"url\":\"https:\/\/www.montmeat-asianart.com\/fr\/actualite-montmeat-art-d-asie\/\",\"name\":\"Actualit\u00e9 - Montm\u00e9at Art d&#039;Asie\",\"isPartOf\":{\"@id\":\"https:\/\/www.montmeat-asianart.com\/fr\/#website\"},\"primaryImageOfPage\":{\"@id\":\"https:\/\/www.montmeat-asianart.com\/fr\/actualite-montmeat-art-d-asie\/#primaryimage\"},\"image\":{\"@id\":\"https:\/\/www.montmeat-asianart.com\/actualite-montmeat-art-d-asie\/#primaryimage\"},\"thumbnailUrl\":\"https:\/\/www.montmeat-asianart.com\/wp-content\/uploads\/2022\/11\/DSF5673-copie-150x150.jpg\",\"datePublished\":\"2016-03-02T15:48:04+00:00\",\"dateModified\":\"2022-11-21T15:47:51+00:00\",\"breadcrumb\":{\"@id\":\"https:\/\/www.montmeat-asianart.com\/fr\/actualite-montmeat-art-d-asie\/#breadcrumb\"},\"inLanguage\":\"fr-FR\",\"potentialAction\":[{\"@type\":\"ReadAction\",\"target\":[[\"https:\/\/www.montmeat-asianart.com\/fr\/actualite-montmeat-art-d-asie\/\"]]}]},{\"@type\":\"ImageObject\",\"inLanguage\":\"fr-FR\",\"@id\":\"https:\/\/www.montmeat-asianart.com\/fr\/actualite-montmeat-art-d-asie\/#primaryimage\",\"url\":\"https:\/\/www.montmeat-asianart.com\/wp-content\/uploads\/2022\/11\/DSF5673-copie-150x150.jpg\",\"contentUrl\":\"https:\/\/www.montmeat-asianart.com\/wp-content\/uploads\/2022\/11\/DSF5673-copie-150x150.jpg\"},{\"@type\":\"BreadcrumbList\",\"@id\":\"https:\/\/www.montmeat-asianart.com\/fr\/actualite-montmeat-art-d-asie\/#breadcrumb\",\"itemListElement\":[{\"@type\":\"ListItem\",\"position\":1,\"name\":\"Home\",\"item\":\"https:\/\/www.montmeat-asianart.com\/fr\/\"},{\"@type\":\"ListItem\",\"position\":2,\"name\":\"Actualit\u00e9\"}]},{\"@type\":\"WebSite\",\"@id\":\"https:\/\/www.montmeat-asianart.com\/fr\/#website\",\"url\":\"https:\/\/www.montmeat-asianart.com\/fr\/\",\"name\":\"Montm\u00e9at Art d&#039;Asie\",\"description\":\"Renaud Montm\u00e9at \u2014 Cabinet d\u2019expertise en arts asiatiques\",\"potentialAction\":[{\"@type\":\"SearchAction\",\"target\":{\"@type\":\"EntryPoint\",\"urlTemplate\":\"https:\/\/www.montmeat-asianart.com\/fr\/?s={search_term_string}\"},\"query-input\":{\"@type\":\"PropertyValueSpecification\",\"valueRequired\":true,\"valueName\":\"search_term_string\"}}],\"inLanguage\":\"fr-FR\"}]}<\/script>\n<!-- \/ Yoast SEO plugin. -->","yoast_head_json":{"title":"Actualit\u00e9 - Montm\u00e9at Art d&#039;Asie","robots":{"index":"index","follow":"follow","max-snippet":"max-snippet:-1","max-image-preview":"max-image-preview:large","max-video-preview":"max-video-preview:-1"},"canonical":"https:\/\/www.montmeat-asianart.com\/fr\/actualite-montmeat-art-d-asie\/","og_locale":"fr_FR","og_type":"article","og_title":"Actualit\u00e9 - Montm\u00e9at Art d&#039;Asie","og_description":"Collection d\u2019art asiatique de Liliane et Michel Durand-Dessert et \u00e0 divers amateurs 9 D\u00e9cembre 2022 Encres 19-23 Octobre 2022 Travers\u00e9es Art d&rsquo;Asie ancien et moderne 23 Octobre 2020 Printemps Asiatique Paris 6 au 17 juin 2019 Parcours des Mondes 11 au 16 septembre 2018 BRAFA Art Fair 27 Janvier-4 F\u00e9vrier 2018 TEFAF Maastricht 2017 10-19 &hellip; Continuer la lecture de &laquo;&nbsp;Actualit\u00e9&nbsp;&raquo;","og_url":"https:\/\/www.montmeat-asianart.com\/fr\/actualite-montmeat-art-d-asie\/","og_site_name":"Montm\u00e9at Art d&#039;Asie","article_modified_time":"2022-11-21T15:47:51+00:00","og_image":[{"url":"https:\/\/www.montmeat-asianart.com\/wp-content\/uploads\/2022\/11\/DSF5673-copie-150x150.jpg","type":"","width":"","height":""}],"twitter_misc":{"Dur\u00e9e de lecture estim\u00e9e":"4 minutes"},"schema":{"@context":"https:\/\/schema.org","@graph":[{"@type":"WebPage","@id":"https:\/\/www.montmeat-asianart.com\/fr\/actualite-montmeat-art-d-asie\/","url":"https:\/\/www.montmeat-asianart.com\/fr\/actualite-montmeat-art-d-asie\/","name":"Actualit\u00e9 - Montm\u00e9at Art d&#039;Asie","isPartOf":{"@id":"https:\/\/www.montmeat-asianart.com\/fr\/#website"},"primaryImageOfPage":{"@id":"https:\/\/www.montmeat-asianart.com\/fr\/actualite-montmeat-art-d-asie\/#primaryimage"},"image":{"@id":"https:\/\/www.montmeat-asianart.com\/actualite-montmeat-art-d-asie\/#primaryimage"},"thumbnailUrl":"https:\/\/www.montmeat-asianart.com\/wp-content\/uploads\/2022\/11\/DSF5673-copie-150x150.jpg","datePublished":"2016-03-02T15:48:04+00:00","dateModified":"2022-11-21T15:47:51+00:00","breadcrumb":{"@id":"https:\/\/www.montmeat-asianart.com\/fr\/actualite-montmeat-art-d-asie\/#breadcrumb"},"inLanguage":"fr-FR","potentialAction":[{"@type":"ReadAction","target":[["https:\/\/www.montmeat-asianart.com\/fr\/actualite-montmeat-art-d-asie\/"]]}]},{"@type":"ImageObject","inLanguage":"fr-FR","@id":"https:\/\/www.montmeat-asianart.com\/fr\/actualite-montmeat-art-d-asie\/#primaryimage","url":"https:\/\/www.montmeat-asianart.com\/wp-content\/uploads\/2022\/11\/DSF5673-copie-150x150.jpg","contentUrl":"https:\/\/www.montmeat-asianart.com\/wp-content\/uploads\/2022\/11\/DSF5673-copie-150x150.jpg"},{"@type":"BreadcrumbList","@id":"https:\/\/www.montmeat-asianart.com\/fr\/actualite-montmeat-art-d-asie\/#breadcrumb","itemListElement":[{"@type":"ListItem","position":1,"name":"Home","item":"https:\/\/www.montmeat-asianart.com\/fr\/"},{"@type":"ListItem","position":2,"name":"Actualit\u00e9"}]},{"@type":"WebSite","@id":"https:\/\/www.montmeat-asianart.com\/fr\/#website","url":"https:\/\/www.montmeat-asianart.com\/fr\/","name":"Montm\u00e9at Art d&#039;Asie","description":"Renaud Montm\u00e9at \u2014 Cabinet d\u2019expertise en arts asiatiques","potentialAction":[{"@type":"SearchAction","target":{"@type":"EntryPoint","urlTemplate":"https:\/\/www.montmeat-asianart.com\/fr\/?s={search_term_string}"},"query-input":{"@type":"PropertyValueSpecification","valueRequired":true,"valueName":"search_term_string"}}],"inLanguage":"fr-FR"}]}},"_links":{"self":[{"href":"https:\/\/www.montmeat-asianart.com\/fr\/wp-json\/wp\/v2\/pages\/2081","targetHints":{"allow":["GET"]}}],"collection":[{"href":"https:\/\/www.montmeat-asianart.com\/fr\/wp-json\/wp\/v2\/pages"}],"about":[{"href":"https:\/\/www.montmeat-asianart.com\/fr\/wp-json\/wp\/v2\/types\/page"}],"author":[{"embeddable":true,"href":"https:\/\/www.montmeat-asianart.com\/fr\/wp-json\/wp\/v2\/users\/1"}],"replies":[{"embeddable":true,"href":"https:\/\/www.montmeat-asianart.com\/fr\/wp-json\/wp\/v2\/comments?post=2081"}],"version-history":[{"count":43,"href":"https:\/\/www.montmeat-asianart.com\/fr\/wp-json\/wp\/v2\/pages\/2081\/revisions"}],"predecessor-version":[{"id":2709,"href":"https:\/\/www.montmeat-asianart.com\/fr\/wp-json\/wp\/v2\/pages\/2081\/revisions\/2709"}],"wp:attachment":[{"href":"https:\/\/www.montmeat-asianart.com\/fr\/wp-json\/wp\/v2\/media?parent=2081"}],"curies":[{"name":"wp","href":"https:\/\/api.w.org\/{rel}","templated":true}]}}