{"id":2421,"date":"2020-05-25T11:23:17","date_gmt":"2020-05-25T10:23:17","guid":{"rendered":"http:\/\/www.montmeat-asianart.com\/?page_id=2421"},"modified":"2020-12-01T14:01:31","modified_gmt":"2020-12-01T13:01:31","slug":"conseil-art-asiatique","status":"publish","type":"page","link":"https:\/\/www.montmeat-asianart.com\/fr\/conseil-art-asiatique\/","title":{"rendered":"Conseil"},"content":{"rendered":"<h2 class=\"wp-block-heading\">Acquisition, constitution de collections<\/h2>\n\n\n\n<div class=\"wp-block-image\"><figure class=\"alignright size-medium\"><img loading=\"lazy\" decoding=\"async\" width=\"248\" height=\"300\" src=\"https:\/\/www.montmeat-asianart.com\/wp-content\/uploads\/2020\/12\/Tabuchi-248x300.jpg\" alt=\"Tabuchi\" class=\"wp-image-2631\" srcset=\"https:\/\/www.montmeat-asianart.com\/wp-content\/uploads\/2020\/12\/Tabuchi-248x300.jpg 248w, https:\/\/www.montmeat-asianart.com\/wp-content\/uploads\/2020\/12\/Tabuchi-846x1024.jpg 846w, https:\/\/www.montmeat-asianart.com\/wp-content\/uploads\/2020\/12\/Tabuchi-768x930.jpg 768w, https:\/\/www.montmeat-asianart.com\/wp-content\/uploads\/2020\/12\/Tabuchi.jpg 1181w\" sizes=\"auto, (max-width: 248px) 100vw, 248px\" \/><\/figure><\/div>\n\n\n\n<p>Nous vous accompagnons dans la constitution de votre collection qu\u2019elle soit priv\u00e9e, d\u2019entreprise ou institutionnelle. Nous orientons les particuliers d\u00e9sirant constituer un patrimoine artistique, comme les entreprises ou personnes priv\u00e9es souhaitant investir dans l\u2019art asiatique.  <\/p>\n\n\n\n<h3 class=\"wp-block-heading\">Fiscalit\u00e9<\/h3>\n\n\n\n<p>Nous vous accompagnons par exemple dans la constitution de dossiers pour r\u00e9aliser :<\/p>\n\n\n\n<p><strong>Un Leg<\/strong> qui est la possibilit\u00e9 pour un particulier de faire une donation de son vivant qui ne prendra effet qu\u2019\u00e0 son d\u00e9c\u00e8s.<\/p>\n\n\n\n<p><strong>Une Dation<\/strong> qui est la possibilit\u00e9 pour un particulier de s&rsquo;acquitter d&rsquo;une dette fiscale par la remise d&rsquo;\u0153uvres d&rsquo;art, livres, objets de collection, documents, de haute valeur artistique ou historique en remplacement du montant financier d\u00fb.  Une <strong>D\u00e9duction de l\u2019ISF<\/strong>\u2026 <\/p>\n\n\n\n<figure class=\"wp-block-gallery aligncenter columns-2 is-cropped wp-block-gallery-3 is-layout-flex wp-block-gallery-is-layout-flex\"><ul class=\"blocks-gallery-grid\"><li class=\"blocks-gallery-item\"><figure><img loading=\"lazy\" decoding=\"async\" width=\"767\" height=\"1024\" src=\"https:\/\/www.montmeat-asianart.com\/wp-content\/uploads\/2020\/12\/Wang-Keping-767x1024.jpg\" alt=\"\" data-id=\"2636\" data-full-url=\"https:\/\/www.montmeat-asianart.com\/wp-content\/uploads\/2020\/12\/Wang-Keping-scaled.jpg\" data-link=\"https:\/\/www.montmeat-asianart.com\/conseil-art-asiatique\/wang-keping\/\" class=\"wp-image-2636\" srcset=\"https:\/\/www.montmeat-asianart.com\/wp-content\/uploads\/2020\/12\/Wang-Keping-767x1024.jpg 767w, https:\/\/www.montmeat-asianart.com\/wp-content\/uploads\/2020\/12\/Wang-Keping-225x300.jpg 225w, https:\/\/www.montmeat-asianart.com\/wp-content\/uploads\/2020\/12\/Wang-Keping-768x1025.jpg 768w, https:\/\/www.montmeat-asianart.com\/wp-content\/uploads\/2020\/12\/Wang-Keping-1151x1536.jpg 1151w, https:\/\/www.montmeat-asianart.com\/wp-content\/uploads\/2020\/12\/Wang-Keping-1535x2048.jpg 1535w, https:\/\/www.montmeat-asianart.com\/wp-content\/uploads\/2020\/12\/Wang-Keping-scaled.jpg 1919w\" sizes=\"auto, (max-width: 706px) 89vw, (max-width: 767px) 82vw, 740px\" \/><\/figure><\/li><li class=\"blocks-gallery-item\"><figure><img loading=\"lazy\" decoding=\"async\" width=\"973\" height=\"1024\" src=\"https:\/\/www.montmeat-asianart.com\/wp-content\/uploads\/2020\/12\/Tsherin-SHERPA-973x1024.jpg\" alt=\"\" data-id=\"2635\" data-full-url=\"https:\/\/www.montmeat-asianart.com\/wp-content\/uploads\/2020\/12\/Tsherin-SHERPA.jpg\" data-link=\"https:\/\/www.montmeat-asianart.com\/conseil-art-asiatique\/tsherin-sherpa\/\" class=\"wp-image-2635\" srcset=\"https:\/\/www.montmeat-asianart.com\/wp-content\/uploads\/2020\/12\/Tsherin-SHERPA-973x1024.jpg 973w, https:\/\/www.montmeat-asianart.com\/wp-content\/uploads\/2020\/12\/Tsherin-SHERPA-285x300.jpg 285w, https:\/\/www.montmeat-asianart.com\/wp-content\/uploads\/2020\/12\/Tsherin-SHERPA-768x809.jpg 768w, https:\/\/www.montmeat-asianart.com\/wp-content\/uploads\/2020\/12\/Tsherin-SHERPA-1459x1536.jpg 1459w, https:\/\/www.montmeat-asianart.com\/wp-content\/uploads\/2020\/12\/Tsherin-SHERPA-1945x2048.jpg 1945w\" sizes=\"auto, (max-width: 706px) 89vw, (max-width: 767px) 82vw, 740px\" \/><\/figure><\/li><\/ul><\/figure>\n\n\n\n<h3 class=\"wp-block-heading\">M\u00e9c\u00e9nat<\/h3>\n\n\n\n<p>Le m\u00e9c\u00e9nat culturel s\u2019adresse aux particuliers comme aux entreprises et leur offre en contrepartie des avantages fiscaux. <br>Nous vous facilitons les d\u00e9marches administratives afin d\u2019obtenir les d\u00e9ductions fiscales.<br>Nous vous aidons \u00e0 choisir un domaine dans lequel vous pourriez vous investir et qui viendrait s\u2019attacher \u00e0 l\u2019identit\u00e9 de votre entreprise.   <\/p>\n\n\n\n<p>Il offre aux entreprises une image engag\u00e9e en faveur de l\u2019int\u00e9r\u00eat g\u00e9n\u00e9ral. Le soutien aux domaines de la culture, qu\u2019il soit \u00e0 l\u2019art contemporain ou au patrimoine historique ancien permet aux entreprises de communiquer efficacement en direction des publics dont on souhaite attirer l\u2019attention. <br>Ces actions peuvent \u00eatre tr\u00e8s diverses par exemple : la participation \u00e0 la r\u00e9novation de salles de mus\u00e9es, la restauration d\u2019\u0153uvres, la participation \u00e0 l\u2019acquisition d\u2019\u0153uvres en faveur d\u2019institutions, la cr\u00e9ation de r\u00e9sidences d\u2019artistes ou l\u2019organisation d\u2019exposition d\u2019art contemporain, la constitution d\u2019une collection d\u2019art ancien ou moderne en vue de la montrer au public\u2026Tout cela en France ou en Asie.<\/p>\n\n\n\n<figure class=\"wp-block-gallery aligncenter columns-3 is-cropped wp-block-gallery-4 is-layout-flex wp-block-gallery-is-layout-flex\"><ul class=\"blocks-gallery-grid\"><li class=\"blocks-gallery-item\"><figure><img loading=\"lazy\" decoding=\"async\" width=\"816\" height=\"1024\" src=\"http:\/\/www.montmeat-asianart.com\/wp-content\/uploads\/2020\/05\/Conseil-3-816x1024.jpg\" alt=\"\" data-id=\"2516\" data-full-url=\"http:\/\/www.montmeat-asianart.com\/wp-content\/uploads\/2020\/05\/Conseil-3.jpg\" data-link=\"http:\/\/www.montmeat-asianart.com\/conseil-3\/\" class=\"wp-image-2516\" srcset=\"https:\/\/www.montmeat-asianart.com\/wp-content\/uploads\/2020\/05\/Conseil-3-816x1024.jpg 816w, https:\/\/www.montmeat-asianart.com\/wp-content\/uploads\/2020\/05\/Conseil-3-239x300.jpg 239w, https:\/\/www.montmeat-asianart.com\/wp-content\/uploads\/2020\/05\/Conseil-3-768x964.jpg 768w, https:\/\/www.montmeat-asianart.com\/wp-content\/uploads\/2020\/05\/Conseil-3.jpg 1849w\" sizes=\"auto, (max-width: 706px) 89vw, (max-width: 767px) 82vw, 740px\" \/><\/figure><\/li><li class=\"blocks-gallery-item\"><figure><img loading=\"lazy\" decoding=\"async\" width=\"793\" height=\"1024\" src=\"http:\/\/www.montmeat-asianart.com\/wp-content\/uploads\/2016\/02\/BT150015_001_MTA__RVB-HDef-3-793x1024.jpg\" alt=\"\" data-id=\"2138\" data-full-url=\"http:\/\/www.montmeat-asianart.com\/wp-content\/uploads\/2016\/02\/BT150015_001_MTA__RVB-HDef-3.jpg\" data-link=\"http:\/\/www.montmeat-asianart.com\/expertise-estimation-vente-art-asiatique\/bt150015_001_mta__rvb-hdef-3\/\" class=\"wp-image-2138\" srcset=\"https:\/\/www.montmeat-asianart.com\/wp-content\/uploads\/2016\/02\/BT150015_001_MTA__RVB-HDef-3-793x1024.jpg 793w, https:\/\/www.montmeat-asianart.com\/wp-content\/uploads\/2016\/02\/BT150015_001_MTA__RVB-HDef-3-232x300.jpg 232w, https:\/\/www.montmeat-asianart.com\/wp-content\/uploads\/2016\/02\/BT150015_001_MTA__RVB-HDef-3.jpg 1851w\" sizes=\"auto, (max-width: 706px) 89vw, (max-width: 767px) 82vw, 740px\" \/><\/figure><\/li><li class=\"blocks-gallery-item\"><figure><img loading=\"lazy\" decoding=\"async\" width=\"1024\" height=\"950\" src=\"http:\/\/www.montmeat-asianart.com\/wp-content\/uploads\/2020\/05\/Conseil-5-1024x950.jpg\" alt=\"\" data-id=\"2510\" data-full-url=\"http:\/\/www.montmeat-asianart.com\/wp-content\/uploads\/2020\/05\/Conseil-5.jpg\" data-link=\"http:\/\/www.montmeat-asianart.com\/conseil-5\/\" class=\"wp-image-2510\" srcset=\"https:\/\/www.montmeat-asianart.com\/wp-content\/uploads\/2020\/05\/Conseil-5-1024x950.jpg 1024w, https:\/\/www.montmeat-asianart.com\/wp-content\/uploads\/2020\/05\/Conseil-5-300x278.jpg 300w, https:\/\/www.montmeat-asianart.com\/wp-content\/uploads\/2020\/05\/Conseil-5-768x713.jpg 768w, https:\/\/www.montmeat-asianart.com\/wp-content\/uploads\/2020\/05\/Conseil-5.jpg 2004w\" sizes=\"auto, (max-width: 706px) 89vw, (max-width: 767px) 82vw, 740px\" \/><\/figure><\/li><\/ul><\/figure>\n\n\n\n<h3 class=\"wp-block-heading\">Assurances<\/h3>\n\n\n\n<p>Nous pouvons par ailleurs vous recommander assureur, contrat d\u2019assurances et m\u00eame syst\u00e8me de surveillance\/protection les mieux adapt\u00e9s \u00e0 vos besoins. <\/p>\n\n\n\n<h2 class=\"wp-block-heading\">Conservation et mise en valeur<\/h2>\n\n\n\n<h3 class=\"wp-block-heading\">Restauration et soclage&nbsp;<\/h3>\n\n\n\n<p>Apr\u00e8s observation approfondie de l\u2019\u00e9tat de conservation de votre objet, un restaurateur sp\u00e9cialis\u00e9 peut intervenir pour stabiliser l\u2019\u00e9tat de l\u2019\u0153uvre si n\u00e9cessaire. Afin de mettre en valeur vos objets, nous mettons \u00e0 votre disposition les talents de nos socleurs et encadreurs.<\/p>\n\n\n\n<h3 class=\"wp-block-heading\">Transport, mobilit\u00e9, stockage d\u2019objets d\u2019art&nbsp;<\/h3>\n\n\n\n<div class=\"wp-block-image\"><figure class=\"alignright size-medium\"><img loading=\"lazy\" decoding=\"async\" width=\"225\" height=\"300\" src=\"https:\/\/www.montmeat-asianart.com\/wp-content\/uploads\/2020\/12\/Bouteille-Coree-225x300.jpg\" alt=\"Bouteille Cor\u00e9e\" class=\"wp-image-2639\" srcset=\"https:\/\/www.montmeat-asianart.com\/wp-content\/uploads\/2020\/12\/Bouteille-Coree-225x300.jpg 225w, https:\/\/www.montmeat-asianart.com\/wp-content\/uploads\/2020\/12\/Bouteille-Coree-768x1024.jpg 768w, https:\/\/www.montmeat-asianart.com\/wp-content\/uploads\/2020\/12\/Bouteille-Coree-1152x1536.jpg 1152w, https:\/\/www.montmeat-asianart.com\/wp-content\/uploads\/2020\/12\/Bouteille-Coree-1536x2048.jpg 1536w, https:\/\/www.montmeat-asianart.com\/wp-content\/uploads\/2020\/12\/Bouteille-Coree-scaled.jpg 1920w\" sizes=\"auto, (max-width: 225px) 100vw, 225px\" \/><\/figure><\/div>\n\n\n\n<p>Nous nous chargeons des d\u00e9marches administratives (demande de certificat et licence d\u2019exportation) pour la circulation de vos objets.<br>Nous organisons \u00e9galement leur mobilit\u00e9, en vous proposant les services d\u2019emballeurs (conception de caisses en bois) et de transporteurs sp\u00e9cialis\u00e9s et reconnus par votre assureur \u00e9galement habilit\u00e9s \u00e0 importer et exporter vos oeuvres. <br>Un entreposage est parfois n\u00e9cessaire pour une p\u00e9riode longue ou momentan\u00e9e de vos objets, nous sommes en mesure de vous proposer des lieux de stockage s\u00e9curis\u00e9s et climatis\u00e9s \u00e0 proximit\u00e9 de votre domicile.<\/p>\n\n\n\n<h3 class=\"wp-block-heading\">Confirmation de datation par moyens scientifiques<\/h3>\n\n\n\n<p>La datation de certains objets peut n\u00e9cessiter une confirmation par analyse scientifique. Pour cela, nous collaborons avec plusieurs laboratoires \u00e0 m\u00eame de r\u00e9aliser des datations par Thermoluminescence, Carbone 14, observation au microscope et analyse de mat\u00e9riaux. <\/p>\n\n\n\n<h3 class=\"wp-block-heading\">Sc\u00e9nographie<\/h3>\n\n\n\n<p>Nous pouvons aussi mettre en sc\u00e8ne vos collections pour un \u00e9v\u00e9nement \u00e9ph\u00e9m\u00e8re ou pour une p\u00e9riode plus p\u00e9renne.<\/p>","protected":false},"excerpt":{"rendered":"<p>Acquisition, constitution de collections Nous vous accompagnons dans la constitution de votre collection qu\u2019elle soit priv\u00e9e, d\u2019entreprise ou institutionnelle. Nous orientons les particuliers d\u00e9sirant constituer un patrimoine artistique, comme les entreprises ou personnes priv\u00e9es souhaitant investir dans l\u2019art asiatique. Fiscalit\u00e9 Nous vous accompagnons par exemple dans la constitution de dossiers pour r\u00e9aliser : Un Leg &hellip; <\/p>\n<p class=\"link-more\"><a href=\"https:\/\/www.montmeat-asianart.com\/fr\/conseil-art-asiatique\/\" class=\"more-link\">Continuer la lecture<span class=\"screen-reader-text\"> de &laquo;&nbsp;Conseil&nbsp;&raquo;<\/span><\/a><\/p>\n","protected":false},"author":2,"featured_media":0,"parent":0,"menu_order":0,"comment_status":"closed","ping_status":"closed","template":"","meta":{"footnotes":""},"class_list":["post-2421","page","type-page","status-publish","hentry"],"yoast_head":"<!-- This site is optimized with the Yoast SEO plugin v27.0 - https:\/\/yoast.com\/product\/yoast-seo-wordpress\/ -->\n<title>Conseil - Montm\u00e9at Art d&#039;Asie<\/title>\n<meta name=\"robots\" content=\"index, follow, max-snippet:-1, max-image-preview:large, max-video-preview:-1\" \/>\n<link rel=\"canonical\" href=\"https:\/\/www.montmeat-asianart.com\/fr\/conseil-art-asiatique\/\" \/>\n<meta property=\"og:locale\" content=\"fr_FR\" \/>\n<meta property=\"og:type\" content=\"article\" \/>\n<meta property=\"og:title\" content=\"Conseil - Montm\u00e9at Art d&#039;Asie\" \/>\n<meta property=\"og:description\" content=\"Acquisition, constitution de collections Nous vous accompagnons dans la constitution de votre collection qu\u2019elle soit priv\u00e9e, d\u2019entreprise ou institutionnelle. Nous orientons les particuliers d\u00e9sirant constituer un patrimoine artistique, comme les entreprises ou personnes priv\u00e9es souhaitant investir dans l\u2019art asiatique. Fiscalit\u00e9 Nous vous accompagnons par exemple dans la constitution de dossiers pour r\u00e9aliser : Un Leg &hellip; Continuer la lecture de &laquo;&nbsp;Conseil&nbsp;&raquo;\" \/>\n<meta property=\"og:url\" content=\"https:\/\/www.montmeat-asianart.com\/fr\/conseil-art-asiatique\/\" \/>\n<meta property=\"og:site_name\" content=\"Montm\u00e9at Art d&#039;Asie\" \/>\n<meta property=\"article:modified_time\" content=\"2020-12-01T13:01:31+00:00\" \/>\n<meta property=\"og:image\" content=\"https:\/\/www.montmeat-asianart.com\/wp-content\/uploads\/2020\/12\/Tabuchi-248x300.jpg\" \/>\n<meta name=\"twitter:label1\" content=\"Dur\u00e9e de lecture estim\u00e9e\" \/>\n\t<meta name=\"twitter:data1\" content=\"5 minutes\" \/>\n<script type=\"application\/ld+json\" class=\"yoast-schema-graph\">{\"@context\":\"https:\/\/schema.org\",\"@graph\":[{\"@type\":\"WebPage\",\"@id\":\"https:\/\/www.montmeat-asianart.com\/fr\/conseil-art-asiatique\/\",\"url\":\"https:\/\/www.montmeat-asianart.com\/fr\/conseil-art-asiatique\/\",\"name\":\"Conseil - Montm\u00e9at Art d&#039;Asie\",\"isPartOf\":{\"@id\":\"https:\/\/www.montmeat-asianart.com\/fr\/#website\"},\"primaryImageOfPage\":{\"@id\":\"https:\/\/www.montmeat-asianart.com\/fr\/conseil-art-asiatique\/#primaryimage\"},\"image\":{\"@id\":\"https:\/\/www.montmeat-asianart.com\/conseil-art-asiatique\/#primaryimage\"},\"thumbnailUrl\":\"https:\/\/www.montmeat-asianart.com\/wp-content\/uploads\/2020\/12\/Tabuchi-248x300.jpg\",\"datePublished\":\"2020-05-25T10:23:17+00:00\",\"dateModified\":\"2020-12-01T13:01:31+00:00\",\"breadcrumb\":{\"@id\":\"https:\/\/www.montmeat-asianart.com\/fr\/conseil-art-asiatique\/#breadcrumb\"},\"inLanguage\":\"fr-FR\",\"potentialAction\":[{\"@type\":\"ReadAction\",\"target\":[[\"https:\/\/www.montmeat-asianart.com\/fr\/conseil-art-asiatique\/\"]]}]},{\"@type\":\"ImageObject\",\"inLanguage\":\"fr-FR\",\"@id\":\"https:\/\/www.montmeat-asianart.com\/fr\/conseil-art-asiatique\/#primaryimage\",\"url\":\"https:\/\/www.montmeat-asianart.com\/wp-content\/uploads\/2020\/12\/Tabuchi-248x300.jpg\",\"contentUrl\":\"https:\/\/www.montmeat-asianart.com\/wp-content\/uploads\/2020\/12\/Tabuchi-248x300.jpg\"},{\"@type\":\"BreadcrumbList\",\"@id\":\"https:\/\/www.montmeat-asianart.com\/fr\/conseil-art-asiatique\/#breadcrumb\",\"itemListElement\":[{\"@type\":\"ListItem\",\"position\":1,\"name\":\"Home\",\"item\":\"https:\/\/www.montmeat-asianart.com\/fr\/\"},{\"@type\":\"ListItem\",\"position\":2,\"name\":\"Consulting\"}]},{\"@type\":\"WebSite\",\"@id\":\"https:\/\/www.montmeat-asianart.com\/fr\/#website\",\"url\":\"https:\/\/www.montmeat-asianart.com\/fr\/\",\"name\":\"Montm\u00e9at Art d&#039;Asie\",\"description\":\"Renaud Montm\u00e9at \u2014 Cabinet d\u2019expertise en arts asiatiques\",\"potentialAction\":[{\"@type\":\"SearchAction\",\"target\":{\"@type\":\"EntryPoint\",\"urlTemplate\":\"https:\/\/www.montmeat-asianart.com\/fr\/?s={search_term_string}\"},\"query-input\":{\"@type\":\"PropertyValueSpecification\",\"valueRequired\":true,\"valueName\":\"search_term_string\"}}],\"inLanguage\":\"fr-FR\"}]}<\/script>\n<!-- \/ Yoast SEO plugin. -->","yoast_head_json":{"title":"Conseil - Montm\u00e9at Art d&#039;Asie","robots":{"index":"index","follow":"follow","max-snippet":"max-snippet:-1","max-image-preview":"max-image-preview:large","max-video-preview":"max-video-preview:-1"},"canonical":"https:\/\/www.montmeat-asianart.com\/fr\/conseil-art-asiatique\/","og_locale":"fr_FR","og_type":"article","og_title":"Conseil - Montm\u00e9at Art d&#039;Asie","og_description":"Acquisition, constitution de collections Nous vous accompagnons dans la constitution de votre collection qu\u2019elle soit priv\u00e9e, d\u2019entreprise ou institutionnelle. Nous orientons les particuliers d\u00e9sirant constituer un patrimoine artistique, comme les entreprises ou personnes priv\u00e9es souhaitant investir dans l\u2019art asiatique. Fiscalit\u00e9 Nous vous accompagnons par exemple dans la constitution de dossiers pour r\u00e9aliser : Un Leg &hellip; Continuer la lecture de &laquo;&nbsp;Conseil&nbsp;&raquo;","og_url":"https:\/\/www.montmeat-asianart.com\/fr\/conseil-art-asiatique\/","og_site_name":"Montm\u00e9at Art d&#039;Asie","article_modified_time":"2020-12-01T13:01:31+00:00","og_image":[{"url":"https:\/\/www.montmeat-asianart.com\/wp-content\/uploads\/2020\/12\/Tabuchi-248x300.jpg","type":"","width":"","height":""}],"twitter_misc":{"Dur\u00e9e de lecture estim\u00e9e":"5 minutes"},"schema":{"@context":"https:\/\/schema.org","@graph":[{"@type":"WebPage","@id":"https:\/\/www.montmeat-asianart.com\/fr\/conseil-art-asiatique\/","url":"https:\/\/www.montmeat-asianart.com\/fr\/conseil-art-asiatique\/","name":"Conseil - Montm\u00e9at Art d&#039;Asie","isPartOf":{"@id":"https:\/\/www.montmeat-asianart.com\/fr\/#website"},"primaryImageOfPage":{"@id":"https:\/\/www.montmeat-asianart.com\/fr\/conseil-art-asiatique\/#primaryimage"},"image":{"@id":"https:\/\/www.montmeat-asianart.com\/conseil-art-asiatique\/#primaryimage"},"thumbnailUrl":"https:\/\/www.montmeat-asianart.com\/wp-content\/uploads\/2020\/12\/Tabuchi-248x300.jpg","datePublished":"2020-05-25T10:23:17+00:00","dateModified":"2020-12-01T13:01:31+00:00","breadcrumb":{"@id":"https:\/\/www.montmeat-asianart.com\/fr\/conseil-art-asiatique\/#breadcrumb"},"inLanguage":"fr-FR","potentialAction":[{"@type":"ReadAction","target":[["https:\/\/www.montmeat-asianart.com\/fr\/conseil-art-asiatique\/"]]}]},{"@type":"ImageObject","inLanguage":"fr-FR","@id":"https:\/\/www.montmeat-asianart.com\/fr\/conseil-art-asiatique\/#primaryimage","url":"https:\/\/www.montmeat-asianart.com\/wp-content\/uploads\/2020\/12\/Tabuchi-248x300.jpg","contentUrl":"https:\/\/www.montmeat-asianart.com\/wp-content\/uploads\/2020\/12\/Tabuchi-248x300.jpg"},{"@type":"BreadcrumbList","@id":"https:\/\/www.montmeat-asianart.com\/fr\/conseil-art-asiatique\/#breadcrumb","itemListElement":[{"@type":"ListItem","position":1,"name":"Home","item":"https:\/\/www.montmeat-asianart.com\/fr\/"},{"@type":"ListItem","position":2,"name":"Consulting"}]},{"@type":"WebSite","@id":"https:\/\/www.montmeat-asianart.com\/fr\/#website","url":"https:\/\/www.montmeat-asianart.com\/fr\/","name":"Montm\u00e9at Art d&#039;Asie","description":"Renaud Montm\u00e9at \u2014 Cabinet d\u2019expertise en arts asiatiques","potentialAction":[{"@type":"SearchAction","target":{"@type":"EntryPoint","urlTemplate":"https:\/\/www.montmeat-asianart.com\/fr\/?s={search_term_string}"},"query-input":{"@type":"PropertyValueSpecification","valueRequired":true,"valueName":"search_term_string"}}],"inLanguage":"fr-FR"}]}},"_links":{"self":[{"href":"https:\/\/www.montmeat-asianart.com\/fr\/wp-json\/wp\/v2\/pages\/2421","targetHints":{"allow":["GET"]}}],"collection":[{"href":"https:\/\/www.montmeat-asianart.com\/fr\/wp-json\/wp\/v2\/pages"}],"about":[{"href":"https:\/\/www.montmeat-asianart.com\/fr\/wp-json\/wp\/v2\/types\/page"}],"author":[{"embeddable":true,"href":"https:\/\/www.montmeat-asianart.com\/fr\/wp-json\/wp\/v2\/users\/2"}],"replies":[{"embeddable":true,"href":"https:\/\/www.montmeat-asianart.com\/fr\/wp-json\/wp\/v2\/comments?post=2421"}],"version-history":[{"count":26,"href":"https:\/\/www.montmeat-asianart.com\/fr\/wp-json\/wp\/v2\/pages\/2421\/revisions"}],"predecessor-version":[{"id":2642,"href":"https:\/\/www.montmeat-asianart.com\/fr\/wp-json\/wp\/v2\/pages\/2421\/revisions\/2642"}],"wp:attachment":[{"href":"https:\/\/www.montmeat-asianart.com\/fr\/wp-json\/wp\/v2\/media?parent=2421"}],"curies":[{"name":"wp","href":"https:\/\/api.w.org\/{rel}","templated":true}]}}